{"id":3224,"date":"2015-06-04T11:20:30","date_gmt":"2015-06-04T09:20:30","guid":{"rendered":"https:\/\/www.legalife.fr\/blog\/glossary\/"},"modified":"2019-11-13T15:26:35","modified_gmt":"2019-11-13T14:26:35","slug":"lexique-juridique","status":"publish","type":"page","link":"https:\/\/www.legalife.fr\/guides-juridiques\/lexique-juridique\/","title":{"rendered":"Lexique juridique"},"content":{"rendered":"<p style=\"text-align: justify;\">LegaLife s&#8217;est engag\u00e9 \u00e0 rendre la loi plus simple, plus abordable et accessible \u00e0 tous. Ainsi, nous avons cr\u00e9\u00e9 pour vous un lexique juridique clair et concis.<\/p>\n<p style=\"text-align: justify;\">Vous trouverez dans ce lexique des centaines de termes juridiques courants d\u00e9finis dans un langage simple, compr\u00e9hensible par tous.<\/p>\n<p style=\"text-align: justify;\">Si vous ne comprenez pas l&#8217;un des termes d\u00e9fini dans ce lexique juridique, n&#8217;h\u00e9sitez pas \u00e0 <a href=\"https:\/\/www.legalife.fr\/contact\">nous contacter<\/a> ! Si vous ne trouvez pas un terme pr\u00e9cis, dites le nous, nous serions heureux de l&#8217;ajouter.<\/p>\n<p style=\"text-align: justify;\">[glossary]\n","protected":false},"excerpt":{"rendered":"<p>LegaLife s&#8217;est engag\u00e9 \u00e0 rendre la loi plus simple, plus abordable et accessible \u00e0 tous. Ainsi, nous avons cr\u00e9\u00e9 pour vous un lexique juridique clair et concis. Vous trouverez dans ce lexique des centaines de termes juridiques courants d\u00e9finis dans un langage simple, compr\u00e9hensible par tous. Si vous ne comprenez pas l&#8217;un des termes d\u00e9fini [&hellip;]<\/p>\n","protected":false},"author":1,"featured_media":3351,"parent":0,"menu_order":0,"comment_status":"closed","ping_status":"closed","template":"","meta":[],"yoast_head":"<!-- This site is optimized with the Yoast SEO plugin v19.1 - https:\/\/yoast.com\/wordpress\/plugins\/seo\/ -->\n<title>Lexique juridique - LegaLife<\/title>\n<meta name=\"description\" content=\"Un lexique juridique gratuit pour vous aider dans vos recherches d&#039;information juridique. Des centaines de termes juridiques d\u00e9finis dans un langage simple.\" \/>\n<meta name=\"robots\" content=\"index, follow, max-snippet:-1, max-image-preview:large, max-video-preview:-1\" \/>\n<link rel=\"canonical\" href=\"https:\/\/www.legalife.fr\/guides-juridiques\/lexique-juridique\/\" \/>\n<meta property=\"og:locale\" content=\"fr_FR\" \/>\n<meta property=\"og:type\" content=\"article\" \/>\n<meta property=\"og:title\" content=\"Lexique juridique - LegaLife\" \/>\n<meta property=\"og:description\" content=\"Un lexique juridique gratuit pour vous aider dans vos recherches d&#039;information juridique. Des centaines de termes juridiques d\u00e9finis dans un langage simple.\" \/>\n<meta property=\"og:url\" content=\"https:\/\/www.legalife.fr\/guides-juridiques\/lexique-juridique\/\" \/>\n<meta property=\"og:site_name\" content=\"LegaLife\" \/>\n<meta property=\"article:publisher\" content=\"https:\/\/www.facebook.com\/legalife.fr\" \/>\n<meta property=\"article:modified_time\" content=\"2019-11-13T14:26:35+00:00\" \/>\n<meta property=\"og:image\" content=\"https:\/\/d1mxkq1wocxjoy.cloudfront.net\/guides-uploads\/2015\/06\/22230329\/lexique-juridique.jpg\" \/>\n\t<meta property=\"og:image:width\" content=\"972\" \/>\n\t<meta property=\"og:image:height\" content=\"649\" \/>\n\t<meta property=\"og:image:type\" content=\"image\/jpeg\" \/>\n<script type=\"application\/ld+json\" class=\"yoast-schema-graph\">{\"@context\":\"https:\/\/schema.org\",\"@graph\":[{\"@type\":\"Organization\",\"@id\":\"https:\/\/www.legalife.fr\/guides-juridiques\/#organization\",\"name\":\"LegaLife\",\"url\":\"https:\/\/www.legalife.fr\/guides-juridiques\/\",\"sameAs\":[\"https:\/\/instagram.com\/lega_life\/\",\"https:\/\/www.linkedin.com\/company\/legalife\",\"https:\/\/www.pinterest.com\/Legalife_fr\/\",\"https:\/\/www.youtube.com\/channel\/UCB5gtPHHwPuKr7yHnd78f1g\",\"https:\/\/www.facebook.com\/legalife.fr\",\"https:\/\/twitter.com\/legalife\"],\"logo\":{\"@type\":\"ImageObject\",\"inLanguage\":\"fr-FR\",\"@id\":\"https:\/\/www.legalife.fr\/guides-juridiques\/#\/schema\/logo\/image\/\",\"url\":\"https:\/\/www.legalife.fr\/guides-juridiques\/wp-content\/uploads\/2016\/06\/versionslogo-01.png\",\"contentUrl\":\"https:\/\/www.legalife.fr\/guides-juridiques\/wp-content\/uploads\/2016\/06\/versionslogo-01.png\",\"width\":2292,\"height\":625,\"caption\":\"LegaLife\"},\"image\":{\"@id\":\"https:\/\/www.legalife.fr\/guides-juridiques\/#\/schema\/logo\/image\/\"}},{\"@type\":\"WebSite\",\"@id\":\"https:\/\/www.legalife.fr\/guides-juridiques\/#website\",\"url\":\"https:\/\/www.legalife.fr\/guides-juridiques\/\",\"name\":\"LegaLife\",\"description\":\"Toute l&#039;actualit\u00e9 juridique\",\"publisher\":{\"@id\":\"https:\/\/www.legalife.fr\/guides-juridiques\/#organization\"},\"potentialAction\":[{\"@type\":\"SearchAction\",\"target\":{\"@type\":\"EntryPoint\",\"urlTemplate\":\"https:\/\/www.legalife.fr\/guides-juridiques\/?s={search_term_string}\"},\"query-input\":\"required name=search_term_string\"}],\"inLanguage\":\"fr-FR\"},{\"@type\":\"ImageObject\",\"inLanguage\":\"fr-FR\",\"@id\":\"https:\/\/www.legalife.fr\/guides-juridiques\/lexique-juridique\/#primaryimage\",\"url\":\"https:\/\/d1mxkq1wocxjoy.cloudfront.net\/guides-uploads\/2015\/06\/22230329\/lexique-juridique.jpg\",\"contentUrl\":\"https:\/\/d1mxkq1wocxjoy.cloudfront.net\/guides-uploads\/2015\/06\/22230329\/lexique-juridique.jpg\",\"width\":972,\"height\":649,\"caption\":\"lexique juridique\"},{\"@type\":\"WebPage\",\"@id\":\"https:\/\/www.legalife.fr\/guides-juridiques\/lexique-juridique\/#webpage\",\"url\":\"https:\/\/www.legalife.fr\/guides-juridiques\/lexique-juridique\/\",\"name\":\"Lexique juridique - LegaLife\",\"isPartOf\":{\"@id\":\"https:\/\/www.legalife.fr\/guides-juridiques\/#website\"},\"primaryImageOfPage\":{\"@id\":\"https:\/\/www.legalife.fr\/guides-juridiques\/lexique-juridique\/#primaryimage\"},\"datePublished\":\"2015-06-04T09:20:30+00:00\",\"dateModified\":\"2019-11-13T14:26:35+00:00\",\"description\":\"Un lexique juridique gratuit pour vous aider dans vos recherches d'information juridique. Des centaines de termes juridiques d\u00e9finis dans un langage simple.\",\"breadcrumb\":{\"@id\":\"https:\/\/www.legalife.fr\/guides-juridiques\/lexique-juridique\/#breadcrumb\"},\"inLanguage\":\"fr-FR\",\"potentialAction\":[{\"@type\":\"ReadAction\",\"target\":[\"https:\/\/www.legalife.fr\/guides-juridiques\/lexique-juridique\/\"]}]},{\"@type\":\"BreadcrumbList\",\"@id\":\"https:\/\/www.legalife.fr\/guides-juridiques\/lexique-juridique\/#breadcrumb\",\"itemListElement\":[{\"@type\":\"ListItem\",\"position\":1,\"name\":\"Guides juridiques\",\"item\":\"https:\/\/www.legalife.fr\/guides-juridiques\/\"},{\"@type\":\"ListItem\",\"position\":2,\"name\":\"Lexique juridique\"}]}]}<\/script>\n<!-- \/ Yoast SEO plugin. -->","yoast_head_json":{"title":"Lexique juridique - LegaLife","description":"Un lexique juridique gratuit pour vous aider dans vos recherches d'information juridique. Des centaines de termes juridiques d\u00e9finis dans un langage simple.","robots":{"index":"index","follow":"follow","max-snippet":"max-snippet:-1","max-image-preview":"max-image-preview:large","max-video-preview":"max-video-preview:-1"},"canonical":"https:\/\/www.legalife.fr\/guides-juridiques\/lexique-juridique\/","og_locale":"fr_FR","og_type":"article","og_title":"Lexique juridique - LegaLife","og_description":"Un lexique juridique gratuit pour vous aider dans vos recherches d'information juridique. Des centaines de termes juridiques d\u00e9finis dans un langage simple.","og_url":"https:\/\/www.legalife.fr\/guides-juridiques\/lexique-juridique\/","og_site_name":"LegaLife","article_publisher":"https:\/\/www.facebook.com\/legalife.fr","article_modified_time":"2019-11-13T14:26:35+00:00","og_image":[{"width":972,"height":649,"url":"https:\/\/d1mxkq1wocxjoy.cloudfront.net\/guides-uploads\/2015\/06\/22230329\/lexique-juridique.jpg","type":"image\/jpeg"}],"schema":{"@context":"https:\/\/schema.org","@graph":[{"@type":"Organization","@id":"https:\/\/www.legalife.fr\/guides-juridiques\/#organization","name":"LegaLife","url":"https:\/\/www.legalife.fr\/guides-juridiques\/","sameAs":["https:\/\/instagram.com\/lega_life\/","https:\/\/www.linkedin.com\/company\/legalife","https:\/\/www.pinterest.com\/Legalife_fr\/","https:\/\/www.youtube.com\/channel\/UCB5gtPHHwPuKr7yHnd78f1g","https:\/\/www.facebook.com\/legalife.fr","https:\/\/twitter.com\/legalife"],"logo":{"@type":"ImageObject","inLanguage":"fr-FR","@id":"https:\/\/www.legalife.fr\/guides-juridiques\/#\/schema\/logo\/image\/","url":"https:\/\/www.legalife.fr\/guides-juridiques\/wp-content\/uploads\/2016\/06\/versionslogo-01.png","contentUrl":"https:\/\/www.legalife.fr\/guides-juridiques\/wp-content\/uploads\/2016\/06\/versionslogo-01.png","width":2292,"height":625,"caption":"LegaLife"},"image":{"@id":"https:\/\/www.legalife.fr\/guides-juridiques\/#\/schema\/logo\/image\/"}},{"@type":"WebSite","@id":"https:\/\/www.legalife.fr\/guides-juridiques\/#website","url":"https:\/\/www.legalife.fr\/guides-juridiques\/","name":"LegaLife","description":"Toute l&#039;actualit\u00e9 juridique","publisher":{"@id":"https:\/\/www.legalife.fr\/guides-juridiques\/#organization"},"potentialAction":[{"@type":"SearchAction","target":{"@type":"EntryPoint","urlTemplate":"https:\/\/www.legalife.fr\/guides-juridiques\/?s={search_term_string}"},"query-input":"required name=search_term_string"}],"inLanguage":"fr-FR"},{"@type":"ImageObject","inLanguage":"fr-FR","@id":"https:\/\/www.legalife.fr\/guides-juridiques\/lexique-juridique\/#primaryimage","url":"https:\/\/d1mxkq1wocxjoy.cloudfront.net\/guides-uploads\/2015\/06\/22230329\/lexique-juridique.jpg","contentUrl":"https:\/\/d1mxkq1wocxjoy.cloudfront.net\/guides-uploads\/2015\/06\/22230329\/lexique-juridique.jpg","width":972,"height":649,"caption":"lexique juridique"},{"@type":"WebPage","@id":"https:\/\/www.legalife.fr\/guides-juridiques\/lexique-juridique\/#webpage","url":"https:\/\/www.legalife.fr\/guides-juridiques\/lexique-juridique\/","name":"Lexique juridique - LegaLife","isPartOf":{"@id":"https:\/\/www.legalife.fr\/guides-juridiques\/#website"},"primaryImageOfPage":{"@id":"https:\/\/www.legalife.fr\/guides-juridiques\/lexique-juridique\/#primaryimage"},"datePublished":"2015-06-04T09:20:30+00:00","dateModified":"2019-11-13T14:26:35+00:00","description":"Un lexique juridique gratuit pour vous aider dans vos recherches d'information juridique. Des centaines de termes juridiques d\u00e9finis dans un langage simple.","breadcrumb":{"@id":"https:\/\/www.legalife.fr\/guides-juridiques\/lexique-juridique\/#breadcrumb"},"inLanguage":"fr-FR","potentialAction":[{"@type":"ReadAction","target":["https:\/\/www.legalife.fr\/guides-juridiques\/lexique-juridique\/"]}]},{"@type":"BreadcrumbList","@id":"https:\/\/www.legalife.fr\/guides-juridiques\/lexique-juridique\/#breadcrumb","itemListElement":[{"@type":"ListItem","position":1,"name":"Guides juridiques","item":"https:\/\/www.legalife.fr\/guides-juridiques\/"},{"@type":"ListItem","position":2,"name":"Lexique juridique"}]}]}},"_links":{"self":[{"href":"https:\/\/www.legalife.fr\/guides-juridiques\/wp-json\/wp\/v2\/pages\/3224"}],"collection":[{"href":"https:\/\/www.legalife.fr\/guides-juridiques\/wp-json\/wp\/v2\/pages"}],"about":[{"href":"https:\/\/www.legalife.fr\/guides-juridiques\/wp-json\/wp\/v2\/types\/page"}],"author":[{"embeddable":true,"href":"https:\/\/www.legalife.fr\/guides-juridiques\/wp-json\/wp\/v2\/users\/1"}],"replies":[{"embeddable":true,"href":"https:\/\/www.legalife.fr\/guides-juridiques\/wp-json\/wp\/v2\/comments?post=3224"}],"version-history":[{"count":9,"href":"https:\/\/www.legalife.fr\/guides-juridiques\/wp-json\/wp\/v2\/pages\/3224\/revisions"}],"predecessor-version":[{"id":6477,"href":"https:\/\/www.legalife.fr\/guides-juridiques\/wp-json\/wp\/v2\/pages\/3224\/revisions\/6477"}],"wp:featuredmedia":[{"embeddable":true,"href":"https:\/\/www.legalife.fr\/guides-juridiques\/wp-json\/wp\/v2\/media\/3351"}],"wp:attachment":[{"href":"https:\/\/www.legalife.fr\/guides-juridiques\/wp-json\/wp\/v2\/media?parent=3224"}],"curies":[{"name":"wp","href":"https:\/\/api.w.org\/{rel}","templated":true}]}}